{"id":35422,"date":"2022-12-01T11:55:14","date_gmt":"2022-12-01T04:55:14","guid":{"rendered":"https:\/\/lmgworld.com\/?post_type=product&#038;p=35422"},"modified":"2022-12-16T10:05:45","modified_gmt":"2022-12-16T03:05:45","slug":"brentwoodhome-mirado","status":"publish","type":"product","link":"https:\/\/lmgworld.com\/san-pham\/nem\/brentwoodhome-mirado\/","title":{"rendered":"N\u1ec7m Cao Su Brentwood Home Mirado Nh\u1eadp Kh\u1ea9u M\u1ef9 Tho\u00e1ng Kh\u00ed"},"content":{"rendered":"","protected":false},"excerpt":{"rendered":"<p>N\u1ec7m Brentwood Home Mirado k\u1ebft h\u1ee3p gi\u1eefa tay ngh\u1ec1 l\u00e0m n\u1ec7m th\u1ee7 c\u00f4ng truy\u1ec1n th\u1ed1ng, l\u1edbp cao su latex t\u1ef1 nhi\u00ean m\u1ec1m m\u1ea1i m\u1ed9t c\u00e1ch kh\u00f4ng t\u01b0\u1edfng, nh\u1eefng t\u00fai l\u00f2 xo tr\u1ecb li\u1ec7u si\u00eau nh\u1ecf, l\u1edbp l\u00f3t ch\u1ea7n b\u1eb1ng len New Zealand v\u00e0 lo\u1ea1i v\u1ea3i co gi\u00e3n c\u1ee7a B\u1ec9, mang \u0111\u1ebfn c\u1ea3m gi\u00e1c n\u00e2ng \u0111\u1ee1 tuy\u1ec7t v\u1eddi, l\u00e0m b\u1eebng l\u00ean \u00fd ngh\u0129a c\u1ee7a vi\u1ec7c \u201cth\u1ee9c d\u1eady v\u00e0 t\u1ecfa s\u00e1ng\u201d m\u1ed7i ng\u00e0y.<\/p>\n","protected":false},"featured_media":35429,"comment_status":"open","ping_status":"closed","template":"","meta":{"inline_featured_image":false},"product_cat":[15,39],"product_tag":[],"brand":[],"class_list":["post-35422","product","type-product","status-publish","has-post-thumbnail","hentry","product_cat-nem","product_cat-nem-cao-su"],"acf":[],"yoast_head":"<!-- This site is optimized with the Yoast SEO plugin v19.10 - https:\/\/yoast.com\/wordpress\/plugins\/seo\/ -->\n<title>N\u1ec7m Cao Su Brentwood Home Mirado Nh\u1eadp Kh\u1ea9u M\u1ef9 Tho\u00e1ng Kh\u00ed - LMG World<\/title>\n<meta name=\"description\" content=\"N\u1ec7m Brentwood Home Mirado bao g\u1ed3m cao su t\u1ef1 nhi\u00ean, h\u1ec7 th\u1ed1ng t\u00fai l\u00f2 xo tr\u1ecb li\u1ec7u si\u00eau nh\u1ecf, l\u1edbp l\u00f3t ch\u1ea7n b\u1eb1ng len New Zealand v\u00e0 lo\u1ea1i v\u1ea3i co gi\u00e3n c\u1ee7a B\u1ec9.\" \/>\n<meta name=\"robots\" content=\"index, follow, max-snippet:-1, max-image-preview:large, max-video-preview:-1\" \/>\n<link rel=\"canonical\" href=\"https:\/\/lmgworld.com\/san-pham\/nem\/brentwoodhome-mirado\/\" \/>\n<meta property=\"og:locale\" content=\"en_US\" \/>\n<meta property=\"og:type\" content=\"article\" \/>\n<meta property=\"og:title\" content=\"N\u1ec7m Cao Su Brentwood Home Mirado Nh\u1eadp Kh\u1ea9u M\u1ef9 Tho\u00e1ng Kh\u00ed - LMG World\" \/>\n<meta property=\"og:description\" content=\"N\u1ec7m Brentwood Home Mirado bao g\u1ed3m cao su t\u1ef1 nhi\u00ean, h\u1ec7 th\u1ed1ng t\u00fai l\u00f2 xo tr\u1ecb li\u1ec7u si\u00eau nh\u1ecf, l\u1edbp l\u00f3t ch\u1ea7n b\u1eb1ng len New Zealand v\u00e0 lo\u1ea1i v\u1ea3i co gi\u00e3n c\u1ee7a B\u1ec9.\" \/>\n<meta property=\"og:url\" content=\"https:\/\/lmgworld.com\/san-pham\/nem\/brentwoodhome-mirado\/\" \/>\n<meta property=\"og:site_name\" content=\"LMG World\" \/>\n<meta property=\"article:modified_time\" content=\"2022-12-16T03:05:45+00:00\" \/>\n<meta property=\"og:image\" content=\"https:\/\/lmgworld.com\/wp-content\/uploads\/2022\/12\/LATEX-MIRADO-01.jpg\" \/>\n\t<meta property=\"og:image:width\" content=\"1260\" \/>\n\t<meta property=\"og:image:height\" content=\"900\" \/>\n\t<meta property=\"og:image:type\" content=\"image\/jpeg\" \/>\n<meta name=\"twitter:card\" content=\"summary_large_image\" \/>\n<script type=\"application\/ld+json\" class=\"yoast-schema-graph\">{\"@context\":\"https:\/\/schema.org\",\"@graph\":[{\"@type\":\"WebPage\",\"@id\":\"https:\/\/lmgworld.com\/san-pham\/nem\/brentwoodhome-mirado\/\",\"url\":\"https:\/\/lmgworld.com\/san-pham\/nem\/brentwoodhome-mirado\/\",\"name\":\"N\u1ec7m Cao Su Brentwood Home Mirado Nh\u1eadp Kh\u1ea9u M\u1ef9 Tho\u00e1ng Kh\u00ed - LMG World\",\"isPartOf\":{\"@id\":\"https:\/\/lmgworld.com\/#website\"},\"datePublished\":\"2022-12-01T04:55:14+00:00\",\"dateModified\":\"2022-12-16T03:05:45+00:00\",\"description\":\"N\u1ec7m Brentwood Home Mirado bao g\u1ed3m cao su t\u1ef1 nhi\u00ean, h\u1ec7 th\u1ed1ng t\u00fai l\u00f2 xo tr\u1ecb li\u1ec7u si\u00eau nh\u1ecf, l\u1edbp l\u00f3t ch\u1ea7n b\u1eb1ng len New Zealand v\u00e0 lo\u1ea1i v\u1ea3i co gi\u00e3n c\u1ee7a B\u1ec9.\",\"breadcrumb\":{\"@id\":\"https:\/\/lmgworld.com\/san-pham\/nem\/brentwoodhome-mirado\/#breadcrumb\"},\"inLanguage\":\"en-US\",\"potentialAction\":[{\"@type\":\"ReadAction\",\"target\":[\"https:\/\/lmgworld.com\/san-pham\/nem\/brentwoodhome-mirado\/\"]}]},{\"@type\":\"BreadcrumbList\",\"@id\":\"https:\/\/lmgworld.com\/san-pham\/nem\/brentwoodhome-mirado\/#breadcrumb\",\"itemListElement\":[{\"@type\":\"ListItem\",\"position\":1,\"name\":\"Home\",\"item\":\"https:\/\/lmgworld.com\/en\/home\/\"},{\"@type\":\"ListItem\",\"position\":2,\"name\":\"Products\",\"item\":\"https:\/\/lmgworld.com\/en\/san-pham\/\"},{\"@type\":\"ListItem\",\"position\":3,\"name\":\"N\u1ec7m Cao Su Brentwood Home Mirado Nh\u1eadp Kh\u1ea9u M\u1ef9 Tho\u00e1ng Kh\u00ed\"}]},{\"@type\":\"WebSite\",\"@id\":\"https:\/\/lmgworld.com\/#website\",\"url\":\"https:\/\/lmgworld.com\/\",\"name\":\"LMG World\",\"description\":\"Th\u1ebf gi\u1edbi n\u1ec7m cao c\u1ea5p\",\"publisher\":{\"@id\":\"https:\/\/lmgworld.com\/#organization\"},\"potentialAction\":[{\"@type\":\"SearchAction\",\"target\":{\"@type\":\"EntryPoint\",\"urlTemplate\":\"https:\/\/lmgworld.com\/?s={search_term_string}\"},\"query-input\":\"required name=search_term_string\"}],\"inLanguage\":\"en-US\"},{\"@type\":\"Organization\",\"@id\":\"https:\/\/lmgworld.com\/#organization\",\"name\":\"LMG World\",\"url\":\"https:\/\/lmgworld.com\/\",\"logo\":{\"@type\":\"ImageObject\",\"inLanguage\":\"en-US\",\"@id\":\"https:\/\/lmgworld.com\/#\/schema\/logo\/image\/\",\"url\":\"https:\/\/lmgworld.com\/wp-content\/uploads\/2022\/04\/logo-header.png\",\"contentUrl\":\"https:\/\/lmgworld.com\/wp-content\/uploads\/2022\/04\/logo-header.png\",\"width\":265,\"height\":90,\"caption\":\"LMG World\"},\"image\":{\"@id\":\"https:\/\/lmgworld.com\/#\/schema\/logo\/image\/\"}}]}<\/script>\n<!-- \/ Yoast SEO plugin. -->","yoast_head_json":{"title":"N\u1ec7m Cao Su Brentwood Home Mirado Nh\u1eadp Kh\u1ea9u M\u1ef9 Tho\u00e1ng Kh\u00ed - LMG World","description":"N\u1ec7m Brentwood Home Mirado bao g\u1ed3m cao su t\u1ef1 nhi\u00ean, h\u1ec7 th\u1ed1ng t\u00fai l\u00f2 xo tr\u1ecb li\u1ec7u si\u00eau nh\u1ecf, l\u1edbp l\u00f3t ch\u1ea7n b\u1eb1ng len New Zealand v\u00e0 lo\u1ea1i v\u1ea3i co gi\u00e3n c\u1ee7a B\u1ec9.","robots":{"index":"index","follow":"follow","max-snippet":"max-snippet:-1","max-image-preview":"max-image-preview:large","max-video-preview":"max-video-preview:-1"},"canonical":"https:\/\/lmgworld.com\/san-pham\/nem\/brentwoodhome-mirado\/","og_locale":"en_US","og_type":"article","og_title":"N\u1ec7m Cao Su Brentwood Home Mirado Nh\u1eadp Kh\u1ea9u M\u1ef9 Tho\u00e1ng Kh\u00ed - LMG World","og_description":"N\u1ec7m Brentwood Home Mirado bao g\u1ed3m cao su t\u1ef1 nhi\u00ean, h\u1ec7 th\u1ed1ng t\u00fai l\u00f2 xo tr\u1ecb li\u1ec7u si\u00eau nh\u1ecf, l\u1edbp l\u00f3t ch\u1ea7n b\u1eb1ng len New Zealand v\u00e0 lo\u1ea1i v\u1ea3i co gi\u00e3n c\u1ee7a B\u1ec9.","og_url":"https:\/\/lmgworld.com\/san-pham\/nem\/brentwoodhome-mirado\/","og_site_name":"LMG World","article_modified_time":"2022-12-16T03:05:45+00:00","og_image":[{"width":1260,"height":900,"url":"https:\/\/lmgworld.com\/wp-content\/uploads\/2022\/12\/LATEX-MIRADO-01.jpg","type":"image\/jpeg"}],"twitter_card":"summary_large_image","schema":{"@context":"https:\/\/schema.org","@graph":[{"@type":"WebPage","@id":"https:\/\/lmgworld.com\/san-pham\/nem\/brentwoodhome-mirado\/","url":"https:\/\/lmgworld.com\/san-pham\/nem\/brentwoodhome-mirado\/","name":"N\u1ec7m Cao Su Brentwood Home Mirado Nh\u1eadp Kh\u1ea9u M\u1ef9 Tho\u00e1ng Kh\u00ed - LMG World","isPartOf":{"@id":"https:\/\/lmgworld.com\/#website"},"datePublished":"2022-12-01T04:55:14+00:00","dateModified":"2022-12-16T03:05:45+00:00","description":"N\u1ec7m Brentwood Home Mirado bao g\u1ed3m cao su t\u1ef1 nhi\u00ean, h\u1ec7 th\u1ed1ng t\u00fai l\u00f2 xo tr\u1ecb li\u1ec7u si\u00eau nh\u1ecf, l\u1edbp l\u00f3t ch\u1ea7n b\u1eb1ng len New Zealand v\u00e0 lo\u1ea1i v\u1ea3i co gi\u00e3n c\u1ee7a B\u1ec9.","breadcrumb":{"@id":"https:\/\/lmgworld.com\/san-pham\/nem\/brentwoodhome-mirado\/#breadcrumb"},"inLanguage":"en-US","potentialAction":[{"@type":"ReadAction","target":["https:\/\/lmgworld.com\/san-pham\/nem\/brentwoodhome-mirado\/"]}]},{"@type":"BreadcrumbList","@id":"https:\/\/lmgworld.com\/san-pham\/nem\/brentwoodhome-mirado\/#breadcrumb","itemListElement":[{"@type":"ListItem","position":1,"name":"Home","item":"https:\/\/lmgworld.com\/en\/home\/"},{"@type":"ListItem","position":2,"name":"Products","item":"https:\/\/lmgworld.com\/en\/san-pham\/"},{"@type":"ListItem","position":3,"name":"N\u1ec7m Cao Su Brentwood Home Mirado Nh\u1eadp Kh\u1ea9u M\u1ef9 Tho\u00e1ng Kh\u00ed"}]},{"@type":"WebSite","@id":"https:\/\/lmgworld.com\/#website","url":"https:\/\/lmgworld.com\/","name":"LMG World","description":"Th\u1ebf gi\u1edbi n\u1ec7m cao c\u1ea5p","publisher":{"@id":"https:\/\/lmgworld.com\/#organization"},"potentialAction":[{"@type":"SearchAction","target":{"@type":"EntryPoint","urlTemplate":"https:\/\/lmgworld.com\/?s={search_term_string}"},"query-input":"required name=search_term_string"}],"inLanguage":"en-US"},{"@type":"Organization","@id":"https:\/\/lmgworld.com\/#organization","name":"LMG World","url":"https:\/\/lmgworld.com\/","logo":{"@type":"ImageObject","inLanguage":"en-US","@id":"https:\/\/lmgworld.com\/#\/schema\/logo\/image\/","url":"https:\/\/lmgworld.com\/wp-content\/uploads\/2022\/04\/logo-header.png","contentUrl":"https:\/\/lmgworld.com\/wp-content\/uploads\/2022\/04\/logo-header.png","width":265,"height":90,"caption":"LMG World"},"image":{"@id":"https:\/\/lmgworld.com\/#\/schema\/logo\/image\/"}}]}},"_links":{"self":[{"href":"https:\/\/lmgworld.com\/en\/wp-json\/wp\/v2\/product\/35422","targetHints":{"allow":["GET"]}}],"collection":[{"href":"https:\/\/lmgworld.com\/en\/wp-json\/wp\/v2\/product"}],"about":[{"href":"https:\/\/lmgworld.com\/en\/wp-json\/wp\/v2\/types\/product"}],"replies":[{"embeddable":true,"href":"https:\/\/lmgworld.com\/en\/wp-json\/wp\/v2\/comments?post=35422"}],"version-history":[{"count":1,"href":"https:\/\/lmgworld.com\/en\/wp-json\/wp\/v2\/product\/35422\/revisions"}],"predecessor-version":[{"id":35492,"href":"https:\/\/lmgworld.com\/en\/wp-json\/wp\/v2\/product\/35422\/revisions\/35492"}],"wp:featuredmedia":[{"embeddable":true,"href":"https:\/\/lmgworld.com\/en\/wp-json\/wp\/v2\/media\/35429"}],"wp:attachment":[{"href":"https:\/\/lmgworld.com\/en\/wp-json\/wp\/v2\/media?parent=35422"}],"wp:term":[{"taxonomy":"product_cat","embeddable":true,"href":"https:\/\/lmgworld.com\/en\/wp-json\/wp\/v2\/product_cat?post=35422"},{"taxonomy":"product_tag","embeddable":true,"href":"https:\/\/lmgworld.com\/en\/wp-json\/wp\/v2\/product_tag?post=35422"},{"taxonomy":"brand","embeddable":true,"href":"https:\/\/lmgworld.com\/en\/wp-json\/wp\/v2\/brand?post=35422"}],"curies":[{"name":"wp","href":"https:\/\/api.w.org\/{rel}","templated":true}]}}